{"id":117,"date":"2024-09-09T16:56:47","date_gmt":"2024-09-09T14:56:47","guid":{"rendered":"http:\/\/trainingitaly.lifewatchdev.eu\/en\/rules\/"},"modified":"2024-10-14T16:53:06","modified_gmt":"2024-10-14T14:53:06","slug":"rules","status":"publish","type":"page","link":"https:\/\/trainingitaly.lifewatchdev.eu\/it\/rules\/","title":{"rendered":"Rules"},"content":{"rendered":"<div data-elementor-type=\"wp-page\" data-elementor-id=\"117\" class=\"elementor elementor-117\" data-elementor-post-type=\"page\">\n\t\t\t\t<div class=\"elementor-element elementor-element-722f84fa e-flex e-con-boxed e-con e-parent\" data-id=\"722f84fa\" data-element_type=\"container\" data-settings=\"{&quot;background_background&quot;:&quot;classic&quot;}\">\n\t\t\t\t\t<div class=\"e-con-inner\">\n\t\t\t\t<div class=\"elementor-element elementor-element-16ea1746 elementor-widget elementor-widget-heading\" data-id=\"16ea1746\" data-element_type=\"widget\" data-widget_type=\"heading.default\">\n\t\t\t\t<div class=\"elementor-widget-container\">\n\t\t\t\t\t<h2 class=\"elementor-heading-title elementor-size-default\">Rules<\/h2>\t\t\t\t<\/div>\n\t\t\t\t<\/div>\n\t\t\t\t<div class=\"elementor-element elementor-element-2ad735b4 elementor-widget elementor-widget-moodle_breadcrumbs\" data-id=\"2ad735b4\" data-element_type=\"widget\" data-widget_type=\"moodle_breadcrumbs.default\">\n\t\t\t\t<div class=\"elementor-widget-container\">\n\t\t\t\t\t<div class='mdl-breadcrumbs'>\n    <span>\n                                    <a href='\/it'>Home<\/a> |\n                                                <strong>Rules<\/strong>\n                        <\/span>\n<\/div>\n\t\t\t\t<\/div>\n\t\t\t\t<\/div>\n\t\t\t\t\t<\/div>\n\t\t\t\t<\/div>\n\t\t<div class=\"elementor-element elementor-element-a2fd2c0 e-flex e-con-boxed e-con e-parent\" data-id=\"a2fd2c0\" data-element_type=\"container\">\n\t\t\t\t\t<div class=\"e-con-inner\">\n\t\t\t\t<div class=\"elementor-element elementor-element-156e5c99 eael_simple_menu_hamburger_disable_selected_menu_no eael-simple-menu-hamburger-align-right eael-hamburger--tablet elementor-widget elementor-widget-eael-simple-menu\" data-id=\"156e5c99\" data-element_type=\"widget\" data-no-translation=\"\" data-widget_type=\"eael-simple-menu.default\">\n\t\t\t\t<div class=\"elementor-widget-container\">\n\t\t\t\t\t<style>.elementor-element-156e5c99{display:none !important}<\/style>\t\t\t\t<\/div>\n\t\t\t\t<\/div>\n\t\t\t\t<div class=\"elementor-element elementor-element-5df587e9 eael_simple_menu_hamburger_disable_selected_menu_no eael-simple-menu-hamburger-align-right eael-hamburger--tablet elementor-widget elementor-widget-eael-simple-menu\" data-id=\"5df587e9\" data-element_type=\"widget\" data-no-translation=\"\" data-widget_type=\"eael-simple-menu.default\">\n\t\t\t\t<div class=\"elementor-widget-container\">\n\t\t\t\t\t<style>\n                        @media screen and (max-width: 1024px) {\n                            .eael-hamburger--tablet {\n                                .eael-simple-menu-horizontal,\n                                .eael-simple-menu-vertical {\n                                    display: none;\n                                }\n                            }\n                            .eael-hamburger--tablet {\n                                .eael-simple-menu-container .eael-simple-menu-toggle {\n                                    display: block;\n                                }\n                            }\n                        }\n                    <\/style>            <div data-hamburger-icon=\"&lt;svg aria-hidden=&quot;true&quot; class=&quot;e-font-icon-svg e-fas-bars&quot; viewBox=&quot;0 0 448 512&quot; xmlns=&quot;http:\/\/www.w3.org\/2000\/svg&quot;&gt;&lt;path d=&quot;M16 132h416c8.837 0 16-7.163 16-16V76c0-8.837-7.163-16-16-16H16C7.163 60 0 67.163 0 76v40c0 8.837 7.163 16 16 16zm0 160h416c8.837 0 16-7.163 16-16v-40c0-8.837-7.163-16-16-16H16c-8.837 0-16 7.163-16 16v40c0 8.837 7.163 16 16 16zm0 160h416c8.837 0 16-7.163 16-16v-40c0-8.837-7.163-16-16-16H16c-8.837 0-16 7.163-16 16v40c0 8.837 7.163 16 16 16z&quot;&gt;&lt;\/path&gt;&lt;\/svg&gt;\" data-indicator-icon-opened='<svg aria-hidden=\"true\" class=\"e-font-icon-svg e-fas-angle-up\" viewBox=\"0 0 320 512\" xmlns=\"http:\/\/www.w3.org\/2000\/svg\"><path d=\"M177 159.7l136 136c9.4 9.4 9.4 24.6 0 33.9l-22.6 22.6c-9.4 9.4-24.6 9.4-33.9 0L160 255.9l-96.4 96.4c-9.4 9.4-24.6 9.4-33.9 0L7 329.7c-9.4-9.4-9.4-24.6 0-33.9l136-136c9.4-9.5 24.6-9.5 34-.1z\"><\/path><\/svg>' data-indicator-icon=\"&lt;svg aria-hidden=&quot;true&quot; class=&quot;e-font-icon-svg e-fas-angle-down&quot; viewBox=&quot;0 0 320 512&quot; xmlns=&quot;http:\/\/www.w3.org\/2000\/svg&quot;&gt;&lt;path d=&quot;M143 352.3L7 216.3c-9.4-9.4-9.4-24.6 0-33.9l22.6-22.6c9.4-9.4 24.6-9.4 33.9 0l96.4 96.4 96.4-96.4c9.4-9.4 24.6-9.4 33.9 0l22.6 22.6c9.4 9.4 9.4 24.6 0 33.9l-136 136c-9.2 9.4-24.4 9.4-33.8 0z&quot;&gt;&lt;\/path&gt;&lt;\/svg&gt;\" data-dropdown-indicator-icon=\"&lt;svg class=&quot;e-font-icon-svg e-fas-angle-down&quot; viewBox=&quot;0 0 320 512&quot; xmlns=&quot;http:\/\/www.w3.org\/2000\/svg&quot;&gt;&lt;path d=&quot;M143 352.3L7 216.3c-9.4-9.4-9.4-24.6 0-33.9l22.6-22.6c9.4-9.4 24.6-9.4 33.9 0l96.4 96.4 96.4-96.4c9.4-9.4 24.6-9.4 33.9 0l22.6 22.6c9.4 9.4 9.4 24.6 0 33.9l-136 136c-9.2 9.4-24.4 9.4-33.8 0z&quot;&gt;&lt;\/path&gt;&lt;\/svg&gt;\" class=\"eael-simple-menu-container eael-simple-menu-align-center eael-simple-menu-dropdown-align-left preset-1\" data-hamburger-breakpoints=\"{&quot;mobile&quot;:&quot;Mobile Portrait (&gt; 767px)&quot;,&quot;tablet&quot;:&quot;Tablet verticale (&gt; 1024px)&quot;,&quot;desktop&quot;:&quot;Desktop (&gt; 2400px)&quot;,&quot;none&quot;:&quot;None&quot;}\" data-hamburger-device=\"tablet\">\n                <ul id=\"menu-ecologicacup-menu-ita\" class=\"eael-simple-menu eael-simple-menu-dropdown-animate-to-top eael-simple-menu-indicator eael-simple-menu-horizontal\"><li id=\"menu-item-300\" class=\"menu-item menu-item-type-post_type menu-item-object-page menu-item-300\"><a href=\"https:\/\/trainingitaly.lifewatchdev.eu\/it\/categories\/ecologicacup\/\">EcoLogicaCup<\/a><\/li>\n<li id=\"menu-item-308\" class=\"menu-item menu-item-type-post_type menu-item-object-page menu-item-308\"><a href=\"https:\/\/trainingitaly.lifewatchdev.eu\/it\/about-us\/\">Chi Siamo<\/a><\/li>\n<li id=\"menu-item-301\" class=\"menu-item menu-item-type-post_type menu-item-object-page menu-item-301\"><a href=\"https:\/\/trainingitaly.lifewatchdev.eu\/it\/ecologicacup-news\/\">News<\/a><\/li>\n<li id=\"menu-item-309\" class=\"menu-item menu-item-type-custom menu-item-object-custom menu-item-has-children menu-item-309\"><a href=\"#\">Gioca con noi<\/a>\n<ul class=\"sub-menu\">\n\t<li id=\"menu-item-302\" class=\"menu-item menu-item-type-post_type menu-item-object-page menu-item-302\"><a href=\"https:\/\/trainingitaly.lifewatchdev.eu\/it\/rules\/\">Regolamento<\/a><\/li>\n\t<li id=\"menu-item-303\" class=\"menu-item menu-item-type-post_type menu-item-object-page menu-item-303\"><a href=\"https:\/\/trainingitaly.lifewatchdev.eu\/it\/categories\/thematic\/\">Tematiche<\/a><\/li>\n\t<li id=\"menu-item-304\" class=\"menu-item menu-item-type-post_type menu-item-object-page menu-item-304\"><a href=\"https:\/\/trainingitaly.lifewatchdev.eu\/it\/categories\/practices\/\">Allenamenti<\/a><\/li>\n\t<li id=\"menu-item-306\" class=\"menu-item menu-item-type-post_type menu-item-object-page menu-item-306\"><a href=\"https:\/\/trainingitaly.lifewatchdev.eu\/it\/categories\/ecologicacup-competitions\/\">Gara<\/a><\/li>\n<\/ul>\n<\/li>\n<li id=\"menu-item-307\" class=\"menu-item menu-item-type-post_type menu-item-object-page menu-item-307\"><a href=\"https:\/\/trainingitaly.lifewatchdev.eu\/it\/tutorial\/\">Tutorial<\/a><\/li>\n<li id=\"menu-item-305\" class=\"menu-item menu-item-type-post_type menu-item-object-page menu-item-305\"><a href=\"https:\/\/trainingitaly.lifewatchdev.eu\/it\/photogallery\/\">Photogallery<\/a><\/li>\n<\/ul>                <button class=\"eael-simple-menu-toggle\">\n                    <span class=\"sr-only\">Hamburger Toggle Menu<\/span>\n                    <svg aria-hidden=\"true\" class=\"e-font-icon-svg e-fas-bars\" viewbox=\"0 0 448 512\" xmlns=\"http:\/\/www.w3.org\/2000\/svg\"><path d=\"M16 132h416c8.837 0 16-7.163 16-16V76c0-8.837-7.163-16-16-16H16C7.163 60 0 67.163 0 76v40c0 8.837 7.163 16 16 16zm0 160h416c8.837 0 16-7.163 16-16v-40c0-8.837-7.163-16-16-16H16c-8.837 0-16 7.163-16 16v40c0 8.837 7.163 16 16 16zm0 160h416c8.837 0 16-7.163 16-16v-40c0-8.837-7.163-16-16-16H16c-8.837 0-16 7.163-16 16v40c0 8.837 7.163 16 16 16z\"><\/path><\/svg>                <\/button>\n            <\/div>\n            \t\t\t\t<\/div>\n\t\t\t\t<\/div>\n\t\t\t\t\t<\/div>\n\t\t\t\t<\/div>\n\t\t<div class=\"elementor-element elementor-element-234242b6 e-flex e-con-boxed e-con e-parent\" data-id=\"234242b6\" data-element_type=\"container\">\n\t\t\t\t\t<div class=\"e-con-inner\">\n\t\t\t\t<div class=\"elementor-element elementor-element-5a7051e8 elementor-widget elementor-widget-spacer\" data-id=\"5a7051e8\" data-element_type=\"widget\" data-widget_type=\"spacer.default\">\n\t\t\t\t<div class=\"elementor-widget-container\">\n\t\t\t\t\t\t\t<div class=\"elementor-spacer\">\n\t\t\t<div class=\"elementor-spacer-inner\"><\/div>\n\t\t<\/div>\n\t\t\t\t\t\t<\/div>\n\t\t\t\t<\/div>\n\t\t\t\t<div class=\"elementor-element elementor-element-7a486f8b rules-en elementor-widget elementor-widget-text-editor\" data-id=\"7a486f8b\" data-element_type=\"widget\" data-widget_type=\"text-editor.default\">\n\t\t\t\t<div class=\"elementor-widget-container\">\n\t\t\t\t\t\t\t\t\t<p>The rules of EcoLogicaCup will be available shortly.<\/p>\t\t\t\t\t\t\t\t<\/div>\n\t\t\t\t<\/div>\n\t\t\t\t<div class=\"elementor-element elementor-element-42adea7a rules-it elementor-widget elementor-widget-text-editor\" data-id=\"42adea7a\" data-element_type=\"widget\" data-widget_type=\"text-editor.default\">\n\t\t\t\t<div class=\"elementor-widget-container\">\n\t\t\t\t\t\t\t\t\t<p><strong>\u00a0\u00a0\u00a0\u00a0\u00a0\u00a0\u00a0\u00a0\u00a0 DETTAGLI INIZIATIVA\u00a0\u00a0<\/strong><\/p><p><strong>\u00a0\u00a0\u00a0\u00a0\u00a0\u00a0\u00a0\u00a0\u00a0 ISCRIZIONE <\/strong><\/p><ul><li>Ogni scuola pu\u00f2 iscrivere una o pi\u00f9 squadre<\/li><li>Ogni squadra pu\u00f2 comprendere massimo 30 alunni, provenienti dalla stessa classe o da classi diverse, e un docente\/tutor<\/li><li>Lo stesso docente pu\u00f2 svolgere il ruolo di tutor di una o pi\u00f9 squadre (<strong>utilizzando email differenti per l\u2019iscrizione<\/strong>)<\/li><li>L\u2019iscrizione deve essere effettuata dal tutor della squadra e avviene esclusivamente on line sul sito (visita la sezione &#8216;TUTORIAL&#8217;)<\/li><li><strong>Non sono previste spese di partecipazione n\u00e9 per la scuola n\u00e9 per gli studenti<\/strong><\/li><li>Al momento dell\u2019iscrizione \u00e8 necessario inserire tutte le informazioni richieste tra cui il nome della squadra e la password<\/li><li><u>La data di chiusura delle iscrizioni<\/u> <u>sar\u00e0 comunicata sul sito di EcoLogicaCup, nella sezione NEWS<\/u><\/li><\/ul><pre><strong>\u00a0\u00a0\u00a0\u00a0\u00a0\u00a0\u00a0\u00a0 <\/strong><\/pre><p><strong>\u00a0\u00a0\u00a0\u00a0\u00a0\u00a0\u00a0\u00a0 ALLENAMENTI<\/strong><\/p><p>\u00a0\u00a0\u00a0\u00a0\u00a0\u00a0\u00a0\u00a0 Le tematiche da studiare saranno disponibili nella sezione TEMATICHE.<\/p><p><strong>\u00a0\u00a0\u00a0\u00a0\u00a0\u00a0\u00a0 <\/strong><\/p><p><strong>\u00a0\u00a0\u00a0\u00a0\u00a0\u00a0\u00a0\u00a0 Gli allenamenti vengono svolti dalla squadra sotto la guida del tutor<\/strong><\/p><ul><li>I quesiti di allenamento (a risposta multipla e con differente livello di difficolt\u00e0) vengono pubblicati ogni settimana circa, a partire da Febbraio 2025; per accedere \u00e8 necessario utilizzare la password scelta al momento dell\u2019iscrizione<\/li><li>Durante l\u2019allenamento, le risposte sbagliate e le mancate risposte valgono zero<\/li><li>Gli allenamenti possono essere effettuati in qualsiasi momento, dalla data di pubblicazione fino alla chiusura degli stessi (<u>la data<\/u> <u>di chiusura sar\u00e0 comunicata sul sito nella sezione NEWS<\/u>)<\/li><li>Ciascun allenamento comprende 10 domande (scuole secondarie), o 5 domande (scuole primarie), si ha a disposizione un tempo massino di 30 minuti allo scadere del quale il quiz verr\u00e0 concluso e inviato automaticamente dal sistema<\/li><li>Durante il quiz non \u00e8 possibile tornare indietro su una domanda precedente anche in caso di risposta non data<\/li><li>Non \u00e8 possibile collegarsi nuovamente allo stesso allenamento.<\/li><\/ul><p><b>\u00a0\u00a0\u00a0\u00a0\u00a0\u00a0\u00a0\u00a0 <\/b><\/p><p><strong>\u00a0\u00a0\u00a0\u00a0\u00a0\u00a0\u00a0\u00a0 CLASSIFICHE<\/strong><\/p><p>\u00a0\u00a0\u00a0\u00a0\u00a0\u00a0\u00a0\u00a0 Sono previste classifiche distinte per ordine e grado di scuola:<\/p><ul><li><u>classifica per squadre<\/u> per premiare la miglior squadra degli allenamenti<\/li><li><u>classifica per scuole<\/u> per premiare la scuola con maggior punteggio assoluto negli allenamenti (dato dalla somma del punteggio delle squadre)<\/li><li><u>classifica interna alla scuola,<\/u> nel caso di iscrizione di pi\u00f9 squadre della stessa scuola, per individuare la squadra con punteggio pi\u00f9 alto che partecipa alla gara finale in rappresentanza della propria scuola.<\/li><\/ul><p><strong>\u00a0\u00a0\u00a0\u00a0\u00a0\u00a0\u00a0\u00a0\u00a0 <\/strong><\/p><p><strong>\u00a0\u00a0\u00a0\u00a0\u00a0\u00a0\u00a0\u00a0 <u>Alla gara finale ogni scuola \u00e8 rappresentata da una sola squadra<\/u><\/strong>, selezionata secondo le modalit\u00e0 descritte precedentemente.<\/p><p><strong>\u00a0\u00a0\u00a0\u00a0\u00a0\u00a0\u00a0\u00a0\u00a0 <\/strong><\/p><p><strong>\u00a0\u00a0\u00a0\u00a0\u00a0\u00a0\u00a0\u00a0\u00a0 PREMI<\/strong><\/p><p>\u00a0\u00a0\u00a0\u00a0\u00a0\u00a0\u00a0\u00a0\u00a0\u00a0 Tutti i partecipanti riceveranno un attestato.<\/p><p>\u00a0\u00a0\u00a0\u00a0\u00a0\u00a0\u00a0\u00a0\u00a0 Saranno premiate per le scuole primarie e secondarie di primo e secondo grado:<\/p><ul><li>la miglior squadra allenamenti<\/li><li>la miglior scuola allenamenti<\/li><li>la squadra con il punteggio pi\u00f9 alto ottenuto nella gara finale.<\/li><\/ul><p>\u00a0\u00a0\u00a0\u00a0\u00a0\u00a0\u00a0\u00a0\u00a0 In caso di parit\u00e0 di punteggio, viene considerato il tempo di gioco pi\u00f9 basso.<\/p>\t\t\t\t\t\t\t\t<\/div>\n\t\t\t\t<\/div>\n\t\t\t\t<div class=\"elementor-element elementor-element-5593cb0f elementor-widget elementor-widget-spacer\" data-id=\"5593cb0f\" data-element_type=\"widget\" data-widget_type=\"spacer.default\">\n\t\t\t\t<div class=\"elementor-widget-container\">\n\t\t\t\t\t\t\t<div class=\"elementor-spacer\">\n\t\t\t<div class=\"elementor-spacer-inner\"><\/div>\n\t\t<\/div>\n\t\t\t\t\t\t<\/div>\n\t\t\t\t<\/div>\n\t\t\t\t\t<\/div>\n\t\t\t\t<\/div>\n\t\t\t\t<\/div>","protected":false},"excerpt":{"rendered":"<p>Rules Home | Rules EcoLogicaCup About us News Play with us Rules Thematic Practices Competition Tutorial Photogallery Humberger Toggle Menu The rules of EcoLogicaCup will be available shortly. \u00a0\u00a0\u00a0\u00a0\u00a0\u00a0\u00a0\u00a0\u00a0 DETTAGLI INIZIATIVA\u00a0\u00a0 \u00a0\u00a0\u00a0\u00a0\u00a0\u00a0\u00a0\u00a0\u00a0 ISCRIZIONE Ogni scuola pu\u00f2 iscrivere una o pi\u00f9 squadre Ogni squadra pu\u00f2 comprendere massimo 30 alunni, provenienti dalla stessa classe o da classi [&hellip;]<\/p>","protected":false},"author":1,"featured_media":0,"parent":0,"menu_order":0,"comment_status":"closed","ping_status":"closed","template":"","meta":{"footnotes":""},"class_list":["post-117","page","type-page","status-publish","hentry"],"rttpg_featured_image_url":null,"rttpg_author":{"display_name":"admin","author_link":"https:\/\/trainingitaly.lifewatchdev.eu\/it\/author\/admin\/"},"rttpg_comment":0,"rttpg_category":null,"rttpg_excerpt":"Rules Home | Rules EcoLogicaCup About us News Play with us Rules Thematic Practices Competition Tutorial Photogallery Humberger Toggle Menu The rules of EcoLogicaCup will be available shortly. \u00a0\u00a0\u00a0\u00a0\u00a0\u00a0\u00a0\u00a0\u00a0 DETTAGLI INIZIATIVA\u00a0\u00a0 \u00a0\u00a0\u00a0\u00a0\u00a0\u00a0\u00a0\u00a0\u00a0 ISCRIZIONE Ogni scuola pu\u00f2 iscrivere una o pi\u00f9 squadre Ogni squadra pu\u00f2 comprendere massimo 30 alunni, provenienti dalla stessa classe o da classi&hellip;","_links":{"self":[{"href":"https:\/\/trainingitaly.lifewatchdev.eu\/it\/wp-json\/wp\/v2\/pages\/117","targetHints":{"allow":["GET"]}}],"collection":[{"href":"https:\/\/trainingitaly.lifewatchdev.eu\/it\/wp-json\/wp\/v2\/pages"}],"about":[{"href":"https:\/\/trainingitaly.lifewatchdev.eu\/it\/wp-json\/wp\/v2\/types\/page"}],"author":[{"embeddable":true,"href":"https:\/\/trainingitaly.lifewatchdev.eu\/it\/wp-json\/wp\/v2\/users\/1"}],"replies":[{"embeddable":true,"href":"https:\/\/trainingitaly.lifewatchdev.eu\/it\/wp-json\/wp\/v2\/comments?post=117"}],"version-history":[{"count":10,"href":"https:\/\/trainingitaly.lifewatchdev.eu\/it\/wp-json\/wp\/v2\/pages\/117\/revisions"}],"predecessor-version":[{"id":778,"href":"https:\/\/trainingitaly.lifewatchdev.eu\/it\/wp-json\/wp\/v2\/pages\/117\/revisions\/778"}],"wp:attachment":[{"href":"https:\/\/trainingitaly.lifewatchdev.eu\/it\/wp-json\/wp\/v2\/media?parent=117"}],"curies":[{"name":"wp","href":"https:\/\/api.w.org\/{rel}","templated":true}]}}